{"id":987511464,"date":"2025-07-09T01:21:49","date_gmt":"2025-07-09T01:21:49","guid":{"rendered":"https:\/\/cabobabysupply.com\/?post_type=product&#038;p=987511464"},"modified":"2026-01-26T23:45:59","modified_gmt":"2026-01-26T23:45:59","slug":"infantino-eating-chair","status":"publish","type":"product","link":"https:\/\/cabobabysupply.com\/en\/product\/infantino-eating-chair\/","title":{"rendered":"Infantino high chair"},"content":{"rendered":"<p><strong>All rates shown above are per day. Taxes not included.<\/strong><\/p>","protected":false},"excerpt":{"rendered":"<p><strong>Recommended age: 6 to 36 months.<\/strong><br \/>\n\u00a1La hora de la comida m\u00e1s f\u00e1cil que nunca! Adaptable a las necesidades de tu peque\u00f1o\u2014\u00fasalo como elevador o como una c\u00f3moda silla independiente. Dise\u00f1ado para el uso diario. Viene con una bolsa tote para traslado sencillo.<\/p>","protected":false},"featured_media":987511944,"comment_status":"open","ping_status":"closed","template":"","meta":{"_et_pb_use_builder":"","_et_pb_old_content":"","_et_gb_content_width":""},"product_brand":[],"product_cat":[25],"product_tag":[],"class_list":{"0":"post-987511464","1":"product","2":"type-product","3":"status-publish","4":"has-post-thumbnail","6":"product_cat-eating-time","8":"first","9":"instock","10":"sold-individually","11":"taxable","12":"shipping-taxable","13":"purchasable","14":"product-type-booking"},"_links":{"self":[{"href":"https:\/\/cabobabysupply.com\/en\/wp-json\/wp\/v2\/product\/987511464","targetHints":{"allow":["GET"]}}],"collection":[{"href":"https:\/\/cabobabysupply.com\/en\/wp-json\/wp\/v2\/product"}],"about":[{"href":"https:\/\/cabobabysupply.com\/en\/wp-json\/wp\/v2\/types\/product"}],"replies":[{"embeddable":true,"href":"https:\/\/cabobabysupply.com\/en\/wp-json\/wp\/v2\/comments?post=987511464"}],"wp:featuredmedia":[{"embeddable":true,"href":"https:\/\/cabobabysupply.com\/en\/wp-json\/wp\/v2\/media\/987511944"}],"wp:attachment":[{"href":"https:\/\/cabobabysupply.com\/en\/wp-json\/wp\/v2\/media?parent=987511464"}],"wp:term":[{"taxonomy":"product_brand","embeddable":true,"href":"https:\/\/cabobabysupply.com\/en\/wp-json\/wp\/v2\/product_brand?post=987511464"},{"taxonomy":"product_cat","embeddable":true,"href":"https:\/\/cabobabysupply.com\/en\/wp-json\/wp\/v2\/product_cat?post=987511464"},{"taxonomy":"product_tag","embeddable":true,"href":"https:\/\/cabobabysupply.com\/en\/wp-json\/wp\/v2\/product_tag?post=987511464"}],"curies":[{"name":"wp","href":"https:\/\/api.w.org\/{rel}","templated":true}]}}