{"id":987511494,"date":"2025-07-09T02:18:16","date_gmt":"2025-07-09T02:18:16","guid":{"rendered":"https:\/\/cabobabysupply.com\/?post_type=product&#038;p=987511494"},"modified":"2026-01-26T23:54:07","modified_gmt":"2026-01-26T23:54:07","slug":"46-baby-gate","status":"publish","type":"product","link":"https:\/\/cabobabysupply.com\/en\/product\/46-baby-gate\/","title":{"rendered":"46\u201d baby safety gate"},"content":{"rendered":"<p><strong>All rates shown above are per day. Taxes not included.<\/strong><\/p>","protected":false},"excerpt":{"rendered":"<p><strong>Recommended age: 6 months to 2 years.<\/strong><br \/>\nMant\u00e9n a tu peque\u00f1o seguro con esta puerta para beb\u00e9s de ancho ajuste. Incluye un sistema de doble seguro para mayor protecci\u00f3n.<\/p>","protected":false},"featured_media":987511976,"comment_status":"open","ping_status":"closed","template":"","meta":{"_et_pb_use_builder":"","_et_pb_old_content":"","_et_gb_content_width":""},"product_brand":[],"product_cat":[27],"product_tag":[],"class_list":{"0":"post-987511494","1":"product","2":"type-product","3":"status-publish","4":"has-post-thumbnail","6":"product_cat-safety-and-traveling","8":"first","9":"instock","10":"sold-individually","11":"taxable","12":"shipping-taxable","13":"purchasable","14":"product-type-booking"},"_links":{"self":[{"href":"https:\/\/cabobabysupply.com\/en\/wp-json\/wp\/v2\/product\/987511494","targetHints":{"allow":["GET"]}}],"collection":[{"href":"https:\/\/cabobabysupply.com\/en\/wp-json\/wp\/v2\/product"}],"about":[{"href":"https:\/\/cabobabysupply.com\/en\/wp-json\/wp\/v2\/types\/product"}],"replies":[{"embeddable":true,"href":"https:\/\/cabobabysupply.com\/en\/wp-json\/wp\/v2\/comments?post=987511494"}],"wp:featuredmedia":[{"embeddable":true,"href":"https:\/\/cabobabysupply.com\/en\/wp-json\/wp\/v2\/media\/987511976"}],"wp:attachment":[{"href":"https:\/\/cabobabysupply.com\/en\/wp-json\/wp\/v2\/media?parent=987511494"}],"wp:term":[{"taxonomy":"product_brand","embeddable":true,"href":"https:\/\/cabobabysupply.com\/en\/wp-json\/wp\/v2\/product_brand?post=987511494"},{"taxonomy":"product_cat","embeddable":true,"href":"https:\/\/cabobabysupply.com\/en\/wp-json\/wp\/v2\/product_cat?post=987511494"},{"taxonomy":"product_tag","embeddable":true,"href":"https:\/\/cabobabysupply.com\/en\/wp-json\/wp\/v2\/product_tag?post=987511494"}],"curies":[{"name":"wp","href":"https:\/\/api.w.org\/{rel}","templated":true}]}}