{"id":987511501,"date":"2025-07-09T02:25:45","date_gmt":"2025-07-09T02:25:45","guid":{"rendered":"https:\/\/cabobabysupply.com\/?post_type=product&#038;p=987511501"},"modified":"2026-01-26T22:45:32","modified_gmt":"2026-01-26T22:45:32","slug":"scented-bags","status":"publish","type":"product","link":"https:\/\/cabobabysupply.com\/en\/product\/scented-bags\/","title":{"rendered":"Venta &#8211; Recambio individual para genie diaper"},"content":{"rendered":"<p><strong>All rates shown above are per day. Taxes not included.<\/strong><\/p>","protected":false},"excerpt":{"rendered":"<p>Venta individual de recambio adicional.<\/p>\n<p>Nota: All rentar nuestro bote para pa\u00f1ales Genie, ya trae un recambio incluido en la renta. Capacidad de hasta 165 pa\u00f1ales para reci\u00e9n nacidos (por rollo).<\/p>","protected":false},"featured_media":987512678,"comment_status":"open","ping_status":"closed","template":"","meta":{"_et_pb_use_builder":"","_et_pb_old_content":"","_et_gb_content_width":""},"product_brand":[],"product_cat":[26],"product_tag":[],"class_list":{"0":"post-987511501","1":"product","2":"type-product","3":"status-publish","4":"has-post-thumbnail","6":"product_cat-accesories","8":"first","9":"instock","10":"taxable","11":"shipping-taxable","12":"purchasable","13":"product-type-simple"},"_links":{"self":[{"href":"https:\/\/cabobabysupply.com\/en\/wp-json\/wp\/v2\/product\/987511501","targetHints":{"allow":["GET"]}}],"collection":[{"href":"https:\/\/cabobabysupply.com\/en\/wp-json\/wp\/v2\/product"}],"about":[{"href":"https:\/\/cabobabysupply.com\/en\/wp-json\/wp\/v2\/types\/product"}],"replies":[{"embeddable":true,"href":"https:\/\/cabobabysupply.com\/en\/wp-json\/wp\/v2\/comments?post=987511501"}],"wp:featuredmedia":[{"embeddable":true,"href":"https:\/\/cabobabysupply.com\/en\/wp-json\/wp\/v2\/media\/987512678"}],"wp:attachment":[{"href":"https:\/\/cabobabysupply.com\/en\/wp-json\/wp\/v2\/media?parent=987511501"}],"wp:term":[{"taxonomy":"product_brand","embeddable":true,"href":"https:\/\/cabobabysupply.com\/en\/wp-json\/wp\/v2\/product_brand?post=987511501"},{"taxonomy":"product_cat","embeddable":true,"href":"https:\/\/cabobabysupply.com\/en\/wp-json\/wp\/v2\/product_cat?post=987511501"},{"taxonomy":"product_tag","embeddable":true,"href":"https:\/\/cabobabysupply.com\/en\/wp-json\/wp\/v2\/product_tag?post=987511501"}],"curies":[{"name":"wp","href":"https:\/\/api.w.org\/{rel}","templated":true}]}}